{"id":963,"date":"2018-10-09T13:47:51","date_gmt":"2018-10-09T13:47:51","guid":{"rendered":"https:\/\/openstudycentre.com\/buchungsinformationen\/"},"modified":"2018-10-15T21:05:15","modified_gmt":"2018-10-15T21:05:15","slug":"buchungsinformationen","status":"publish","type":"page","link":"https:\/\/openstudycentre.com\/de\/buchungsinformationen\/","title":{"rendered":"Buchungsinformationen"},"content":{"rendered":"<p>[et_pb_section fb_built=&#8220;1&#8243; disabled_on=&#8220;on|on|on&#8220; _builder_version=&#8220;3.15&#8243;][et_pb_row _builder_version=&#8220;3.0.48&#8243; background_size=&#8220;initial&#8220; background_position=&#8220;top_left&#8220; background_repeat=&#8220;repeat&#8220;][et_pb_column type=&#8220;2_5&#8243; _builder_version=&#8220;3.13&#8243; parallax=&#8220;off&#8220; parallax_method=&#8220;on&#8220;][\/et_pb_column][et_pb_column type=&#8220;3_5&#8243; _builder_version=&#8220;3.13&#8243; parallax=&#8220;off&#8220; parallax_method=&#8220;on&#8220;][\/et_pb_column][\/et_pb_row][\/et_pb_section][et_pb_section fb_built=&#8220;1&#8243; admin_label=&#8220;Hero&#8220; _builder_version=&#8220;3.10.1&#8243; use_background_color_gradient=&#8220;on&#8220; background_color_gradient_start=&#8220;#210b00&#8243; background_color_gradient_end=&#8220;rgba(33,25,21,0)&#8220; background_color_gradient_type=&#8220;radial&#8220; background_color_gradient_direction_radial=&#8220;top right&#8220; background_color_gradient_start_position=&#8220;10%&#8220; background_color_gradient_overlays_image=&#8220;on&#8220; background_image=&#8220;https:\/\/openstudycentre.com\/wp-content\/uploads\/2018\/09\/Carpenter-Image-21.jpg&#8220; custom_padding=&#8220;80px|0|80px||true|false&#8220;][et_pb_row custom_margin=&#8220;|||&#8220; _builder_version=&#8220;3.10.1&#8243;][et_pb_column type=&#8220;4_4&#8243; _builder_version=&#8220;3.0.47&#8243; parallax=&#8220;off&#8220; parallax_method=&#8220;on&#8220;][et_pb_text _builder_version=&#8220;3.15&#8243; text_font=&#8220;Open Sans||||||||&#8220; text_font_size=&#8220;20px&#8220; text_font_size_phone=&#8220;16px&#8220; text_font_size_last_edited=&#8220;on|phone&#8220; text_line_height=&#8220;2em&#8220; header_font=&#8220;|800||on|||||&#8220; header_font_size=&#8220;68px&#8220; header_font_size_tablet=&#8220;44px&#8220; header_font_size_phone=&#8220;24px&#8220; header_font_size_last_edited=&#8220;on|desktop&#8220; header_line_height=&#8220;1.4em&#8220; header_line_height_tablet=&#8220;1.4em&#8220; header_line_height_phone=&#8220;1.4em&#8220; header_line_height_last_edited=&#8220;on|desktop&#8220; background_layout=&#8220;dark&#8220; max_width=&#8220;700px&#8220;]<\/p>\n<h1>Kontaktieren Sie uns und teilen Sie uns Ihre Anfrage mit.<\/h1>\n<p>Wir freuen uns von Ihnen zu h\u00f6ren. Die Welt ver\u00e4ndert sich konstant und schnell, Ihre Sch\u00fcler sind die Botschafter der Zukunft.[\/et_pb_text][\/et_pb_column][\/et_pb_row][et_pb_row _builder_version=&#8220;3.10.1&#8243; locked=&#8220;off&#8220;][et_pb_column type=&#8220;2_3&#8243; _builder_version=&#8220;3.0.47&#8243; parallax=&#8220;off&#8220; parallax_method=&#8220;on&#8220;][et_pb_contact_form captcha=&#8220;off&#8220; submit_button_text=&#8220;Anfrage absenden&#8220; form_background_color=&#8220;rgba(0,0,0,0)&#8220; module_id=&#8220;et_pb_contact_form_1&#8243; _builder_version=&#8220;3.15&#8243; form_field_font=&#8220;Open Sans||||||||&#8220; form_field_text_color=&#8220;#ffffff&#8220; form_field_font_size=&#8220;16px&#8220; form_field_line_height=&#8220;2em&#8220; border_width_all=&#8220;2px&#8220; border_color_all=&#8220;rgba(255,255,255,0.4)&#8220; custom_button=&#8220;on&#8220; button_text_size=&#8220;16px&#8220; button_text_color=&#8220;#ffffff&#8220; button_border_width=&#8220;0px&#8220; button_border_radius=&#8220;0px&#8220; button_letter_spacing=&#8220;1px&#8220; button_font=&#8220;Roboto|700||on|||||&#8220; button_use_icon=&#8220;off&#8220; button_border_radius_hover=&#8220;0px&#8220; button_letter_spacing_hover=&#8220;1px&#8220; locked=&#8220;off&#8220;][et_pb_contact_field field_id=&#8220;Name&#8220; field_title=&#8220;Ihr Name&#8220; _builder_version=&#8220;3.15&#8243; border_radii=&#8220;on||||&#8220;][\/et_pb_contact_field][et_pb_contact_field field_id=&#8220;Email&#8220; field_title=&#8220;E-Mail Adresse&#8220; field_type=&#8220;email&#8220; _builder_version=&#8220;3.15&#8243; border_radii=&#8220;on||||&#8220;][\/et_pb_contact_field][et_pb_contact_field field_id=&#8220;Project_Type&#8220; field_title=&#8220;Interesse&#8220; field_type=&#8220;select&#8220; select_options=&#8220;%91{%22value%22:%22Furniture Installation%22,%22checked%22:0,%22dragID%22:-1},{%22value%22:%22Window or Door Repair%22,%22checked%22:0,%22dragID%22:0},{%22value%22:%22Hardwood Floors%22,%22checked%22:0,%22dragID%22:1},{%22value%22:%22Decks &#038; Outdoor Furniture%22,%22checked%22:0,%22dragID%22:2}%93&#8243; fullwidth_field=&#8220;on&#8220; field_background_color=&#8220;rgba(0,0,0,0)&#8220; _builder_version=&#8220;3.15&#8243; form_field_font=&#8220;Open Sans||||||||&#8220; form_field_line_height=&#8220;1.8em&#8220; border_radii=&#8220;on||||&#8220;][\/et_pb_contact_field][et_pb_contact_field field_id=&#8220;Message&#8220; field_title=&#8220;Ihre Nachricht an uns. Fragen, Ideen? W\u00fcnschen Sie ein individuelles Programm f\u00fcr Ihre Sch\u00fcler? Haben Sie ein spezielles Anliegen? W\u00fcnschen Sie ein Telefonat? &#8220; field_type=&#8220;text&#8220; fullwidth_field=&#8220;on&#8220; _builder_version=&#8220;3.15&#8243; border_radii=&#8220;on||||&#8220;][\/et_pb_contact_field][\/et_pb_contact_form][\/et_pb_column][et_pb_column type=&#8220;1_3&#8243; _builder_version=&#8220;3.0.47&#8243; parallax=&#8220;off&#8220; parallax_method=&#8220;on&#8220;][et_pb_blurb title=&#8220;Administration&#8220; use_icon=&#8220;on&#8220; font_icon=&#8220;%%249%%&#8220; icon_color=&#8220;#ffffff&#8220; icon_placement=&#8220;left&#8220; content_max_width=&#8220;1100px&#8220; _builder_version=&#8220;3.15&#8243; header_font=&#8220;|800||on|||||&#8220; header_font_size=&#8220;16px&#8220; header_letter_spacing=&#8220;0.5px&#8220; header_line_height=&#8220;1.7em&#8220; body_font=&#8220;Open Sans||||||||&#8220; body_line_height=&#8220;2em&#8220; background_layout=&#8220;dark&#8220; locked=&#8220;off&#8220;]Haritomedia GmBH, Steinb\u00fchlweg 90, Allschwil, BL \u00a0Schweiz[\/et_pb_blurb][et_pb_blurb title=&#8220;\u00d6ffnungszeiten&#8220; use_icon=&#8220;on&#8220; font_icon=&#8220;%%236%%&#8220; icon_color=&#8220;#ffffff&#8220; icon_placement=&#8220;left&#8220; content_max_width=&#8220;1100px&#8220; _builder_version=&#8220;3.15&#8243; header_font=&#8220;|800||on|||||&#8220; header_font_size=&#8220;16px&#8220; header_letter_spacing=&#8220;0.5px&#8220; header_line_height=&#8220;1.7em&#8220; body_font=&#8220;Open Sans||||||||&#8220; body_line_height=&#8220;2em&#8220; background_layout=&#8220;dark&#8220; locked=&#8220;off&#8220;]<\/p>\n<p>M-F: 9am &#8211; 5pm [GMT +1]<\/p>\n<p>[\/et_pb_blurb][et_pb_blurb title=&#8220;Email&#8220; use_icon=&#8220;on&#8220; font_icon=&#8220;%%238%%&#8220; icon_color=&#8220;#ffffff&#8220; icon_placement=&#8220;left&#8220; content_max_width=&#8220;1100px&#8220; _builder_version=&#8220;3.10.1&#8243; header_font=&#8220;|800||on|||||&#8220; header_font_size=&#8220;16px&#8220; header_letter_spacing=&#8220;0.5px&#8220; header_line_height=&#8220;1.7em&#8220; body_font=&#8220;Open Sans||||||||&#8220; body_line_height=&#8220;2em&#8220; background_layout=&#8220;dark&#8220; locked=&#8220;off&#8220;]<\/p>\n<p>ireland@haritomedia.com<\/p>\n<p>[\/et_pb_blurb][\/et_pb_column][\/et_pb_row][\/et_pb_section][et_pb_section fb_built=&#8220;1&#8243; disabled_on=&#8220;on|on|on&#8220; admin_label=&#8220;FAQ&#8220; _builder_version=&#8220;3.15&#8243; custom_padding=&#8220;0|0|54px|0px|false|false&#8220;][et_pb_row use_custom_gutter=&#8220;on&#8220; gutter_width=&#8220;1&#8243; custom_padding=&#8220;0|0px|27px|0px|false|false&#8220; padding_top_bottom_link_2=&#8220;true&#8220; padding_left_right_link_2=&#8220;true&#8220; padding_top_2=&#8220;50px&#8220; padding_right_2=&#8220;50px&#8220; padding_bottom_2=&#8220;50px&#8220; padding_left_2=&#8220;50px&#8220; padding_2_phone=&#8220;20px|10%|20px|10%|true|true&#8220; padding_2_last_edited=&#8220;on|phone&#8220; _builder_version=&#8220;3.10.1&#8243; animation_style=&#8220;slide&#8220; animation_direction=&#8220;top&#8220; animation_intensity_slide=&#8220;20%&#8220; locked=&#8220;off&#8220;][et_pb_column type=&#8220;2_3&#8243; _builder_version=&#8220;3.10.1&#8243; parallax=&#8220;off&#8220; parallax_method=&#8220;on&#8220;][et_pb_text _builder_version=&#8220;3.10.1&#8243; text_font=&#8220;||||||||&#8220; ul_font=&#8220;||||||||&#8220; ol_font=&#8220;||||||||&#8220; quote_font=&#8220;||||||||&#8220; header_font=&#8220;||||||||&#8220; header_2_font=&#8220;|800|||||||&#8220; header_2_font_size=&#8220;24px&#8220; header_2_font_size_phone=&#8220;18px&#8220; header_2_font_size_last_edited=&#8220;on|phone&#8220; header_2_line_height=&#8220;1.8em&#8220; header_3_font=&#8220;||||||||&#8220; header_4_font=&#8220;|800||on|||||&#8220; header_4_font_size=&#8220;16px&#8220; header_4_letter_spacing=&#8220;0.5px&#8220; header_4_line_height=&#8220;1.7em&#8220; header_5_font=&#8220;||||||||&#8220; header_6_font=&#8220;||||||||&#8220; background_color=&#8220;#efefef&#8220; padding_1_last_edited=&#8220;on|desktop&#8220; custom_padding=&#8220;30px|50px|30px|50px|true|true|20px|10%|20px|10%|true|true||on|desktop&#8220; custom_padding_phone=&#8220;20px|10%|20px|10%|true|true&#8220; custom_padding_last_edited=&#8220;on|phone&#8220; locked=&#8220;off&#8220;]<\/p>\n<h4>H.G.F.<\/h4>\n<h2>H\u00e4ufig gestellte Fragen<\/h2>\n<p>[\/et_pb_text][\/et_pb_column][et_pb_column type=&#8220;1_3&#8243; _builder_version=&#8220;3.10.1&#8243; padding_phone=&#8220;20px|10%|20px|10%|true|true&#8220; padding_last_edited=&#8220;on|phone&#8220; padding_bottom=&#8220;50px&#8220; padding_left=&#8220;50px&#8220; padding_right=&#8220;50px&#8220; padding_top=&#8220;50px&#8220; parallax=&#8220;off&#8220; parallax_method=&#8220;on&#8220;][\/et_pb_column][\/et_pb_row][et_pb_row custom_padding=&#8220;|||&#8220; custom_margin=&#8220;40px||40px||true&#8220; background_size_3=&#8220;initial&#8220; background_position_3=&#8220;top_left&#8220; background_repeat_3=&#8220;no-repeat&#8220; padding_1_tablet=&#8220;||40px|&#8220; padding_2_tablet=&#8220;||40px|&#8220; padding_1_phone=&#8220;||40px|&#8220; padding_2_phone=&#8220;||40px|&#8220; padding_1_last_edited=&#8220;off|desktop&#8220; padding_2_last_edited=&#8220;off|desktop&#8220; admin_label=&#8220;Main Services&#8220; _builder_version=&#8220;3.10.1&#8243;][et_pb_column type=&#8220;1_2&#8243; _builder_version=&#8220;3.0.47&#8243; padding_phone=&#8220;||40px|&#8220; padding_tablet=&#8220;||40px|&#8220; padding_last_edited=&#8220;off|desktop&#8220; parallax=&#8220;off&#8220; parallax_method=&#8220;on&#8220;][et_pb_text _builder_version=&#8220;3.10.1&#8243; text_font=&#8220;Open Sans||||||||&#8220; text_line_height=&#8220;2em&#8220; header_font=&#8220;||||||||&#8220; header_4_font=&#8220;Open Sans|800||on|||||&#8220; header_4_font_size=&#8220;16px&#8220; header_4_letter_spacing=&#8220;0.5px&#8220; header_4_line_height=&#8220;1.7em&#8220; background_image=&#8220;https:\/\/openstudycentre.com\/wp-content\/uploads\/2018\/09\/Rectangle.png&#8220; background_size=&#8220;initial&#8220; background_position=&#8220;top_left&#8220; custom_padding=&#8220;24px|||24px&#8220;]<\/p>\n<h4>DONEC SOLLICITUDIN MOLESTIE MALESUADA?<\/h4>\n<p>Your content goes here. Edit or remove this text inline or in the module Content settings. You can also style every aspect of this content in the module Design settings and even apply custom CSS to this text in the module Advanced settings.<\/p>\n<p>[\/et_pb_text][et_pb_text _builder_version=&#8220;3.10.1&#8243; text_font=&#8220;Open Sans||||||||&#8220; text_line_height=&#8220;2em&#8220; header_font=&#8220;||||||||&#8220; header_4_font=&#8220;Open Sans|800||on|||||&#8220; header_4_font_size=&#8220;16px&#8220; header_4_letter_spacing=&#8220;0.5px&#8220; header_4_line_height=&#8220;1.7em&#8220; background_image=&#8220;https:\/\/openstudycentre.com\/wp-content\/uploads\/2018\/09\/Rectangle.png&#8220; background_size=&#8220;initial&#8220; background_position=&#8220;top_left&#8220; custom_padding=&#8220;24px|||24px&#8220;]<\/p>\n<h4>DVestibulum ac diam sit amet quam vehicula elementum sed sit amet dui?<\/h4>\n<p>Your content goes here. Edit or remove this text inline or in the module Content settings. You can also style every aspect of this content in the module Design settings and even apply custom CSS to this text in the module Advanced settings.<\/p>\n<p>[\/et_pb_text][et_pb_text _builder_version=&#8220;3.10.1&#8243; text_font=&#8220;Open Sans||||||||&#8220; text_line_height=&#8220;2em&#8220; header_font=&#8220;||||||||&#8220; header_4_font=&#8220;Open Sans|800||on|||||&#8220; header_4_font_size=&#8220;16px&#8220; header_4_letter_spacing=&#8220;0.5px&#8220; header_4_line_height=&#8220;1.7em&#8220; background_image=&#8220;https:\/\/openstudycentre.com\/wp-content\/uploads\/2018\/09\/Rectangle.png&#8220; background_size=&#8220;initial&#8220; background_position=&#8220;top_left&#8220; custom_padding=&#8220;24px|||24px&#8220;]<\/p>\n<h4>Vivamus suscipit tortor eget felis porttitor volutpat?<\/h4>\n<p>Your content goes here. Edit or remove this text inline or in the module Content settings. You can also style every aspect of this content in the module Design settings and even apply custom CSS to this text in the module Advanced settings.<\/p>\n<p>[\/et_pb_text][\/et_pb_column][et_pb_column type=&#8220;1_2&#8243; _builder_version=&#8220;3.0.47&#8243; padding_phone=&#8220;||40px|&#8220; padding_tablet=&#8220;||40px|&#8220; padding_last_edited=&#8220;off|desktop&#8220; parallax=&#8220;off&#8220; parallax_method=&#8220;on&#8220;][et_pb_text _builder_version=&#8220;3.10.1&#8243; text_font=&#8220;Open Sans||||||||&#8220; text_line_height=&#8220;2em&#8220; header_font=&#8220;||||||||&#8220; header_4_font=&#8220;Open Sans|800||on|||||&#8220; header_4_font_size=&#8220;16px&#8220; header_4_letter_spacing=&#8220;0.5px&#8220; header_4_line_height=&#8220;1.7em&#8220; background_image=&#8220;https:\/\/openstudycentre.com\/wp-content\/uploads\/2018\/09\/Rectangle.png&#8220; background_size=&#8220;initial&#8220; background_position=&#8220;top_left&#8220; custom_padding=&#8220;24px|||24px&#8220; locked=&#8220;off&#8220;]<\/p>\n<h4>Nulla quis lorem ut libero malesuada feugiat.?<\/h4>\n<p>Your content goes here. Edit or remove this text inline or in the module Content settings. You can also style every aspect of this content in the module Design settings and even apply custom CSS to this text in the module Advanced settings.<\/p>\n<p>[\/et_pb_text][et_pb_text _builder_version=&#8220;3.10.1&#8243; text_font=&#8220;Open Sans||||||||&#8220; text_line_height=&#8220;2em&#8220; header_font=&#8220;||||||||&#8220; header_4_font=&#8220;Open Sans|800||on|||||&#8220; header_4_font_size=&#8220;16px&#8220; header_4_letter_spacing=&#8220;0.5px&#8220; header_4_line_height=&#8220;1.7em&#8220; background_image=&#8220;https:\/\/openstudycentre.com\/wp-content\/uploads\/2018\/09\/Rectangle.png&#8220; background_size=&#8220;initial&#8220; background_position=&#8220;top_left&#8220; custom_padding=&#8220;24px|||24px&#8220; locked=&#8220;off&#8220;]<\/p>\n<h4>Praesent sapien massa, convallis a pellentesque nec, egestas non nisi.?<\/h4>\n<p>Your content goes here. Edit or remove this text inline or in the module Content settings. You can also style every aspect of this content in the module Design settings and even apply custom CSS to this text in the module Advanced settings.<\/p>\n<p>[\/et_pb_text][et_pb_text _builder_version=&#8220;3.10.1&#8243; text_font=&#8220;Open Sans||||||||&#8220; text_line_height=&#8220;2em&#8220; header_font=&#8220;||||||||&#8220; header_4_font=&#8220;Open Sans|800||on|||||&#8220; header_4_font_size=&#8220;16px&#8220; header_4_letter_spacing=&#8220;0.5px&#8220; header_4_line_height=&#8220;1.7em&#8220; background_image=&#8220;https:\/\/openstudycentre.com\/wp-content\/uploads\/2018\/09\/Rectangle.png&#8220; background_size=&#8220;initial&#8220; background_position=&#8220;top_left&#8220; custom_padding=&#8220;24px|||24px&#8220; locked=&#8220;off&#8220;]<\/p>\n<h4>DONEC SOLLICITUDIN MOLESTIE MALESUADA?<\/h4>\n<p>Your content goes here. Edit or remove this text inline or in the module Content settings. You can also style every aspect of this content in the module Design settings and even apply custom CSS to this text in the module Advanced settings.<\/p>\n<p>[\/et_pb_text][\/et_pb_column][\/et_pb_row][\/et_pb_section][et_pb_section fb_built=&#8220;1&#8243; disabled_on=&#8220;on|on|on&#8220; admin_label=&#8220;Social Follow&#8220; _builder_version=&#8220;3.15&#8243; background_color=&#8220;#f25b3a&#8220; custom_padding=&#8220;20px|0px|20px|0px|true|false&#8220; animation_style=&#8220;slide&#8220; animation_direction=&#8220;bottom&#8220;][et_pb_row _builder_version=&#8220;3.10.1&#8243;][et_pb_column type=&#8220;4_4&#8243; _builder_version=&#8220;3.10.1&#8243; parallax=&#8220;off&#8220; parallax_method=&#8220;on&#8220;][et_pb_text _builder_version=&#8220;3.10.1&#8243; text_font=&#8220;Open Sans||||||||&#8220; text_line_height=&#8220;2em&#8220; link_font=&#8220;||||||||&#8220; ul_font=&#8220;||||||||&#8220; ol_font=&#8220;||||||||&#8220; quote_font=&#8220;||||||||&#8220; header_font=&#8220;||||||||&#8220; header_2_font=&#8220;||||||||&#8220; header_3_font=&#8220;||||||||&#8220; header_4_font=&#8220;Open Sans|800||on|||||&#8220; header_4_font_size=&#8220;16px&#8220; header_4_letter_spacing=&#8220;0.5px&#8220; header_4_line_height=&#8220;1.7em&#8220; header_5_font=&#8220;||||||||&#8220; header_6_font=&#8220;||||||||&#8220; text_orientation=&#8220;center&#8220; background_layout=&#8220;dark&#8220; locked=&#8220;off&#8220;]<\/p>\n<h4>Folge uns<\/h4>\n<p>[\/et_pb_text][et_pb_social_media_follow _builder_version=&#8220;3.10.1&#8243; border_radii=&#8220;on|0px|0px|0px|0px&#8220; text_orientation=&#8220;center&#8220;][et_pb_social_media_follow_network social_network=&#8220;facebook&#8220; _builder_version=&#8220;3.10.1&#8243; background_color=&#8220;rgba(0,0,0,0.21)&#8220; custom_margin=&#8220;4px|4px|4px|4px|true|true&#8220; custom_padding=&#8220;4px|4px|4px|4px|true|true&#8220; follow_button=&#8220;off&#8220; url_new_window=&#8220;on&#8220;]facebook[\/et_pb_social_media_follow_network][et_pb_social_media_follow_network social_network=&#8220;twitter&#8220; _builder_version=&#8220;3.10.1&#8243; background_color=&#8220;rgba(0,0,0,0.21)&#8220; custom_margin=&#8220;4px|4px|4px|4px|true|true&#8220; custom_padding=&#8220;4px|4px|4px|4px|true|true&#8220; follow_button=&#8220;off&#8220; url_new_window=&#8220;on&#8220;]twitter[\/et_pb_social_media_follow_network][et_pb_social_media_follow_network social_network=&#8220;instagram&#8220; _builder_version=&#8220;3.10.1&#8243; background_color=&#8220;rgba(0,0,0,0.21)&#8220; custom_margin=&#8220;4px|4px|4px|4px|true|true&#8220; custom_padding=&#8220;4px|4px|4px|4px|true|true&#8220; follow_button=&#8220;off&#8220; url_new_window=&#8220;on&#8220;]instagram[\/et_pb_social_media_follow_network][et_pb_social_media_follow_network social_network=&#8220;youtube&#8220; _builder_version=&#8220;3.10.1&#8243; background_color=&#8220;rgba(0,0,0,0.21)&#8220; custom_margin=&#8220;4px|4px|4px|4px|true|true&#8220; custom_padding=&#8220;4px|4px|4px|4px|true|true&#8220; follow_button=&#8220;off&#8220; url_new_window=&#8220;on&#8220;]youtube[\/et_pb_social_media_follow_network][\/et_pb_social_media_follow][\/et_pb_column][\/et_pb_row][\/et_pb_section][et_pb_section fb_built=&#8220;1&#8243; fullwidth=&#8220;on&#8220; disabled_on=&#8220;on|on|on&#8220; admin_label=&#8220;Map&#8220; _builder_version=&#8220;3.15&#8243;][et_pb_fullwidth_map address=&#8220;inch island, county donegal, Ireland&#8220; address_lat=&#8220;37.7749295&#8243; address_lng=&#8220;-122.4194155&#8243; mouse_wheel=&#8220;off&#8220; disabled_on=&#8220;on|on|on&#8220; _builder_version=&#8220;3.15&#8243; child_filter_saturate=&#8220;0%&#8220;][et_pb_map_pin pin_address=&#8220;County Donegal, Co. Donegal, Ireland&#8220; zoom_level=&#8220;12&#8243; pin_address_lat=&#8220;54.6548993&#8243; pin_address_lng=&#8220;-8.1040967&#8243; _builder_version=&#8220;3.15&#8243;][\/et_pb_map_pin][\/et_pb_fullwidth_map][\/et_pb_section]<\/p>\n","protected":false},"excerpt":{"rendered":"<p>Kontaktieren Sie uns und teilen Sie uns Ihre Anfrage mit. Wir freuen uns von Ihnen zu h\u00f6ren. Die Welt ver\u00e4ndert sich konstant und schnell, Ihre Sch\u00fcler sind die Botschafter der Zukunft.Haritomedia GmBH, Steinb\u00fchlweg 90, Allschwil, BL \u00a0SchweizM-F: 9am &#8211; 5pm [GMT +1]ireland@haritomedia.comH.G.F. H\u00e4ufig gestellte FragenDONEC SOLLICITUDIN MOLESTIE MALESUADA? Your content goes here. Edit or remove [&hellip;]<\/p>\n","protected":false},"author":2,"featured_media":0,"parent":0,"menu_order":0,"comment_status":"closed","ping_status":"closed","template":"","meta":{"_et_pb_use_builder":"on","_et_pb_old_content":"","_et_gb_content_width":"","footnotes":""},"class_list":["post-963","page","type-page","status-publish","hentry"],"_links":{"self":[{"href":"https:\/\/openstudycentre.com\/de\/wp-json\/wp\/v2\/pages\/963","targetHints":{"allow":["GET"]}}],"collection":[{"href":"https:\/\/openstudycentre.com\/de\/wp-json\/wp\/v2\/pages"}],"about":[{"href":"https:\/\/openstudycentre.com\/de\/wp-json\/wp\/v2\/types\/page"}],"author":[{"embeddable":true,"href":"https:\/\/openstudycentre.com\/de\/wp-json\/wp\/v2\/users\/2"}],"replies":[{"embeddable":true,"href":"https:\/\/openstudycentre.com\/de\/wp-json\/wp\/v2\/comments?post=963"}],"version-history":[{"count":7,"href":"https:\/\/openstudycentre.com\/de\/wp-json\/wp\/v2\/pages\/963\/revisions"}],"predecessor-version":[{"id":1129,"href":"https:\/\/openstudycentre.com\/de\/wp-json\/wp\/v2\/pages\/963\/revisions\/1129"}],"wp:attachment":[{"href":"https:\/\/openstudycentre.com\/de\/wp-json\/wp\/v2\/media?parent=963"}],"curies":[{"name":"wp","href":"https:\/\/api.w.org\/{rel}","templated":true}]}}