{"id":967,"date":"2018-10-09T14:03:14","date_gmt":"2018-10-09T14:03:14","guid":{"rendered":"https:\/\/openstudycentre.com\/uber\/"},"modified":"2018-10-15T21:04:04","modified_gmt":"2018-10-15T21:04:04","slug":"uber","status":"publish","type":"page","link":"https:\/\/openstudycentre.com\/de\/uber\/","title":{"rendered":"\u00dcber"},"content":{"rendered":"<p>[et_pb_section fb_built=&#8220;1&#8243; _builder_version=&#8220;3.0.47&#8243;][et_pb_row _builder_version=&#8220;3.13&#8243;][et_pb_column type=&#8220;4_4&#8243; _builder_version=&#8220;3.13&#8243; parallax=&#8220;off&#8220; parallax_method=&#8220;on&#8220;][et_pb_text _builder_version=&#8220;3.15&#8243; text_font=&#8220;||||||||&#8220; text_font_size=&#8220;26px&#8220; text_line_height=&#8220;1.3em&#8220;]<\/p>\n<p>Wir begegneten uns zuf\u00e4llig. Wir erkundeten die Gedanken der anderen. Wir haben Gemeinsamkeiten und Unterschiede zwischen uns gefunden. Wir erkennen, dass wir eine Gemeinschaft der Menschheit sind. Und wir entscheiden uns, zusammenzuarbeiten.<\/p>\n<p>[\/et_pb_text][\/et_pb_column][\/et_pb_row][et_pb_row _builder_version=&#8220;3.0.48&#8243; background_size=&#8220;initial&#8220; background_position=&#8220;top_left&#8220; background_repeat=&#8220;repeat&#8220;][et_pb_column type=&#8220;1_3&#8243; _builder_version=&#8220;3.0.47&#8243; parallax=&#8220;off&#8220; parallax_method=&#8220;on&#8220;][et_pb_blurb title=&#8220;Monika Harito Reisman&#8220; _builder_version=&#8220;3.13&#8243;]<img loading=\"lazy\" decoding=\"async\" class=\"alignnone size-medium wp-image-194\" src=\"https:\/\/openstudycentre.com\/wp-content\/uploads\/2018\/09\/2018-08-31-13.30.50-copy-300x213.jpg\" alt=\"\" width=\"300\" height=\"213\" srcset=\"https:\/\/openstudycentre.com\/wp-content\/uploads\/2018\/09\/2018-08-31-13.30.50-copy-300x213.jpg 300w, https:\/\/openstudycentre.com\/wp-content\/uploads\/2018\/09\/2018-08-31-13.30.50-copy-768x545.jpg 768w, https:\/\/openstudycentre.com\/wp-content\/uploads\/2018\/09\/2018-08-31-13.30.50-copy-1024x726.jpg 1024w, https:\/\/openstudycentre.com\/wp-content\/uploads\/2018\/09\/2018-08-31-13.30.50-copy-400x284.jpg 400w, https:\/\/openstudycentre.com\/wp-content\/uploads\/2018\/09\/2018-08-31-13.30.50-copy-1080x766.jpg 1080w, https:\/\/openstudycentre.com\/wp-content\/uploads\/2018\/09\/2018-08-31-13.30.50-copy.jpg 1835w\" sizes=\"(max-width: 300px) 100vw, 300px\" \/><\/p>\n<p>&nbsp;<\/p>\n<p>Monika hat Teams von bis zu f\u00fcnfundzwanzig Leuten geleitet und hatte Rollen, die CEO und &#8218;Umdrehungs-Management&#8216;-Exekutive entsprechen. Sie nahm eine im Wesentlichen tote Verlagst\u00e4tigkeit in Indien auf und baute die Grundlage f\u00fcr eine globale Verlagsorganisation. Daf\u00fcr erhielt sie nicht nur den Respekt ihrer Kollegen, sondern auch die h\u00f6chste Auszeichnung f\u00fcr Publishing in Indien im Jahr 2000, den &#8222;Distinguished Editor&#8217;s and Designer&#8217;s Award&#8220; der Federation of Indian Publishers. Sie gr\u00fcndete dann ihr eigenes Medienunternehmen in der Schweiz und hat dieses Gesch\u00e4ft erfolgreich aufgebaut, um einige der gr\u00f6ssten Unternehmen in der Schweiz bei der Erreichung ihrer Ziele in der digitalen Medien- und Netzwerkentwicklung zu unterst\u00fctzen. Noch interessanter in ihrer Lebenserfahrung ist ihre Arbeit in einem Ashram in Indien, ihre Perspektiven in Philosophie und Spiritualit\u00e4t in Verbindung mit ihrem &#8222;Schweizer Pragmatismus&#8220; und die Arbeit mit Menschen aus der ganzen Welt halfen ihr Perspektiven zu entwickeln, die beide gleicherma\u00dfen weise sind als zutiefst aufschlussreich.[\/et_pb_blurb][\/et_pb_column][et_pb_column type=&#8220;1_3&#8243; _builder_version=&#8220;3.0.47&#8243; parallax=&#8220;off&#8220; parallax_method=&#8220;on&#8220;][et_pb_blurb title=&#8220;Dr. William Stainsby&#8220; _builder_version=&#8220;3.13&#8243;]<img loading=\"lazy\" decoding=\"async\" class=\"alignnone size-medium wp-image-192\" src=\"https:\/\/openstudycentre.com\/wp-content\/uploads\/2018\/09\/2018-08-29-17.16.07-copy-300x204.jpg\" alt=\"\" width=\"300\" height=\"204\" srcset=\"https:\/\/openstudycentre.com\/wp-content\/uploads\/2018\/09\/2018-08-29-17.16.07-copy-300x204.jpg 300w, https:\/\/openstudycentre.com\/wp-content\/uploads\/2018\/09\/2018-08-29-17.16.07-copy-768x522.jpg 768w, https:\/\/openstudycentre.com\/wp-content\/uploads\/2018\/09\/2018-08-29-17.16.07-copy-1024x695.jpg 1024w, https:\/\/openstudycentre.com\/wp-content\/uploads\/2018\/09\/2018-08-29-17.16.07-copy-1080x733.jpg 1080w, https:\/\/openstudycentre.com\/wp-content\/uploads\/2018\/09\/2018-08-29-17.16.07-copy.jpg 1711w\" sizes=\"(max-width: 300px) 100vw, 300px\" \/><\/p>\n<p>&nbsp;<\/p>\n<p>William Stainsby, der im Vatikan als &#8222;The Irish&#8220; bekannt ist, absolvierte ein postgraduales Studium am Trinity College in Dublin und an der Lateran University in Rom. Er war der erste Pr\u00e4sident des Newman Institute in der Grafschaft Mayo und Direktor des Cedar House Centers F\u00fcr Faith &amp; Culture in der Grafschaft Donegal, Republik Irland William hat sieben B\u00fccher ver\u00f6ffentlicht und seine Arbeit in Ethik und interreligi\u00f6ser Kommunikation konzentriert sich darauf, Menschen auf der ganzen Welt zusammenzubringen, um bei der L\u00f6sung einiger der weltweit wichtigsten Probleme in Bezug auf Nachhaltigkeit und Frieden zu helfen indem wir uns darauf konzentrieren, wo wir uns einigen k\u00f6nnen und in kritischen Fragen zusammenkommen.<\/p>\n<p>&nbsp;[\/et_pb_blurb][\/et_pb_column][et_pb_column type=&#8220;1_3&#8243; _builder_version=&#8220;3.0.47&#8243; parallax=&#8220;off&#8220; parallax_method=&#8220;on&#8220;][et_pb_blurb title=&#8220;John P. Reisman&#8220; _builder_version=&#8220;3.13&#8243;]<img loading=\"lazy\" decoding=\"async\" class=\"alignnone size-medium wp-image-196\" src=\"https:\/\/openstudycentre.com\/wp-content\/uploads\/2018\/09\/2018-08-31-13.34.07-copy-300x213.jpg\" alt=\"\" width=\"300\" height=\"213\" srcset=\"https:\/\/openstudycentre.com\/wp-content\/uploads\/2018\/09\/2018-08-31-13.34.07-copy-300x213.jpg 300w, https:\/\/openstudycentre.com\/wp-content\/uploads\/2018\/09\/2018-08-31-13.34.07-copy-768x546.jpg 768w, https:\/\/openstudycentre.com\/wp-content\/uploads\/2018\/09\/2018-08-31-13.34.07-copy-1024x728.jpg 1024w, https:\/\/openstudycentre.com\/wp-content\/uploads\/2018\/09\/2018-08-31-13.34.07-copy-400x284.jpg 400w, https:\/\/openstudycentre.com\/wp-content\/uploads\/2018\/09\/2018-08-31-13.34.07-copy-1080x768.jpg 1080w, https:\/\/openstudycentre.com\/wp-content\/uploads\/2018\/09\/2018-08-31-13.34.07-copy.jpg 1241w\" sizes=\"(max-width: 300px) 100vw, 300px\" \/><\/p>\n<p>Mit vier Jahren formeller Ausbildung in Elektronik und Medienproduktion f\u00fchrte Johns informelle Ausbildung zu einem Schwerpunkt in Psychologie und Systemwissenschaften. Dies f\u00fchrte zu Arbeiten an der Universit\u00e4t der Welt mit\u00a0<span class=\"link-external\"><a href=\"http:\/\/en.wikipedia.org\/wiki\/James_Grier_Miller\" target=\"_blank\" rel=\"noopener\">Dr. James Grier Miller<\/a><\/span>, Autor von\u00a0<span class=\"link-external\"><a href=\"http:\/\/en.wikipedia.org\/wiki\/Living_systems_theory\" target=\"_blank\" rel=\"noopener\">Living Systems Theory <\/a><\/span>und\u00a0Dr. Martin Chamberlain, forscht in Bildungssystemen; und Entwicklung einer vereinfachten Systemtheorie zum Verst\u00e4ndnis der Funktionsweise und Dynamik allgemeiner Systeme sowie zur Entwicklung einer Methodik zum besseren Verst\u00e4ndnis der Gesundheit eines gegebenen Systems. Er hat mit der Hilfe gearbeitet von\u00a0<span class=\"link-external\"><a href=\"http:\/\/en.wikipedia.org\/wiki\/Jonas_Salk\" target=\"_blank\" rel=\"noopener\">Dr. Jonas Salk<\/a><\/span>, entwicklung <a href=\"http:\/\/ossfoundation.us\/about\/projects\/education\/lcs-project\">The Learning Center\/PATH Project<\/a>. Zur gleichen Zeit leitete er Lyra Records &amp; Productions. W\u00e4hrend in Los Angeles arbeitete John als Freiwilliger in der Bandenpr\u00e4ventionsarbeit. Seine n\u00e4chste Position war als CEO eines Konfliktl\u00f6sungsunternehmens in Detroit, Michigan, wo er auch mit Gefangenen und Sch\u00fclern in der Grundschule bis zur Highschool arbeitete. Nach dem 11. September arbeitete John mit dem Sicherheitspersonal der Heimatschutzausbildung zusammen und f\u00fchrte eine Bedrohungsanalyse durch. Nach der Gr\u00fcndung\u00a0&#8218;<a href=\"http:\/\/ossfoundation.us\">The OSS Foundation<\/a>&#8218;\u00a0konzentrieren auf <a href=\"http:\/\/ossfoundation.us\/our-view\/oss-views\">open systems science<\/a> and addressing <a href=\"http:\/\/ossfoundation.us\/about\">critical global issues<\/a><em>.<\/em>\u00a0John arbeitete f\u00fcr die National Academies of Science und wurde mit dem\u00a0<a href=\"http:\/\/ossfoundation.us\/about\/team\/john-p.-reisman\">&#8218;Distinguished Communications Award&#8216;<\/a> im Jahr 2012 f\u00fcr seine Arbeit in der Klimawandelkommunikation.[\/et_pb_blurb][\/et_pb_column][\/et_pb_row][et_pb_row _builder_version=&#8220;3.15&#8243;][et_pb_column type=&#8220;1_3&#8243; _builder_version=&#8220;3.15&#8243; parallax=&#8220;off&#8220; parallax_method=&#8220;on&#8220;][et_pb_button button_url=&#8220;https:\/\/openstudycentre.com\/de\/programme\/&#8220; button_text=&#8220;Programme&#8220; button_alignment=&#8220;center&#8220; _builder_version=&#8220;3.15&#8243; filter_saturate=&#8220;0%&#8220;][\/et_pb_button][\/et_pb_column][et_pb_column type=&#8220;1_3&#8243; _builder_version=&#8220;3.15&#8243; parallax=&#8220;off&#8220; parallax_method=&#8220;on&#8220;][et_pb_button button_url=&#8220;https:\/\/openstudycentre.com\/de\/aktivitaten\/&#8220; button_text=&#8220;Aktivit\u00e4ten&#8220; button_alignment=&#8220;center&#8220; _builder_version=&#8220;3.15&#8243; filter_saturate=&#8220;0%&#8220;][\/et_pb_button][\/et_pb_column][et_pb_column type=&#8220;1_3&#8243; _builder_version=&#8220;3.15&#8243; parallax=&#8220;off&#8220; parallax_method=&#8220;on&#8220;][et_pb_button button_url=&#8220;https:\/\/openstudycentre.com\/de\/buchungsinformationen\/?lang=de&#8220; button_text=&#8220;Buchungsinformationen&#8220; button_alignment=&#8220;center&#8220; _builder_version=&#8220;3.15&#8243; filter_saturate=&#8220;0%&#8220;][\/et_pb_button][\/et_pb_column][\/et_pb_row][\/et_pb_section][et_pb_section fb_built=&#8220;1&#8243; admin_label=&#8220;Contact Banner&#8220; _builder_version=&#8220;3.13&#8243; background_color=&#8220;#f75e22&#8243; custom_padding=&#8220;20px|0px|20px|0px|true|false&#8220; animation_style=&#8220;slide&#8220; animation_direction=&#8220;bottom&#8220;][et_pb_row _builder_version=&#8220;3.10.1&#8243;][et_pb_column type=&#8220;1_2&#8243; _builder_version=&#8220;3.0.47&#8243; parallax=&#8220;off&#8220; parallax_method=&#8220;on&#8220;][et_pb_text _builder_version=&#8220;3.15&#8243; text_font=&#8220;||||||||&#8220; quote_font=&#8220;||||||||&#8220; header_font=&#8220;||||||||&#8220; header_2_font=&#8220;|800|||||||&#8220; header_2_font_size=&#8220;24px&#8220; header_2_font_size_phone=&#8220;18px&#8220; header_2_font_size_last_edited=&#8220;on|phone&#8220; header_2_line_height=&#8220;1.8em&#8220; header_3_font=&#8220;||||||||&#8220; header_4_font=&#8220;|800||on|||||&#8220; header_4_font_size=&#8220;16px&#8220; header_4_letter_spacing=&#8220;0.5px&#8220; header_4_line_height=&#8220;1.7em&#8220; background_layout=&#8220;dark&#8220; custom_padding=&#8220;|||&#8220; locked=&#8220;off&#8220;]<\/p>\n<h4>Wir freuen uns von Ihnen zu h\u00f6ren<\/h4>\n<h2>Unser Ziel ist es, Ihren Sch\u00fclern ein besseres Verst\u00e4ndnis unserer Welt zu vermitteln.<\/h2>\n<p>[\/et_pb_text][\/et_pb_column][et_pb_column type=&#8220;1_2&#8243; _builder_version=&#8220;3.0.47&#8243; parallax=&#8220;off&#8220; parallax_method=&#8220;on&#8220;][et_pb_text _builder_version=&#8220;3.10.1&#8243; text_font=&#8220;||||||||&#8220; quote_font=&#8220;||||||||&#8220; header_font=&#8220;||||||||&#8220; header_2_font=&#8220;|800||on|||||&#8220; header_2_font_size=&#8220;44px&#8220; header_2_font_size_phone=&#8220;18px&#8220; header_2_font_size_last_edited=&#8220;on|phone&#8220; header_2_letter_spacing=&#8220;1px&#8220; header_2_line_height=&#8220;1.8em&#8220; header_3_font=&#8220;||||||||&#8220; header_4_font=&#8220;|800||on|||||&#8220; header_4_font_size=&#8220;16px&#8220; header_4_letter_spacing=&#8220;0.5px&#8220; header_4_line_height=&#8220;1.7em&#8220; text_orientation=&#8220;right&#8220; background_layout=&#8220;dark&#8220; custom_padding=&#8220;|||&#8220; locked=&#8220;off&#8220;]<\/p>\n<h4>Rufen sie uns an<br \/> +41 (0) 61 534 66 51<\/h4>\n<p>&nbsp;<\/p>\n<p>[\/et_pb_text][et_pb_button button_url=&#8220;https:\/\/openstudycentre.com\/de\/buchungsinformationen\/?lang=de&#8220; button_text=&#8220;Kontaktieren Sie uns&#8220; button_alignment=&#8220;right&#8220; _builder_version=&#8220;3.15&#8243; background_layout=&#8220;dark&#8220;][\/et_pb_button][\/et_pb_column][\/et_pb_row][\/et_pb_section][et_pb_section fb_built=&#8220;1&#8243; disabled_on=&#8220;on|on|on&#8220; admin_label=&#8220;Footer&#8220; _builder_version=&#8220;3.15&#8243; use_background_color_gradient=&#8220;on&#8220; background_color_gradient_start=&#8220;#210b00&#8243; background_color_gradient_end=&#8220;rgba(33,25,21,0)&#8220; background_color_gradient_type=&#8220;radial&#8220; background_color_gradient_direction_radial=&#8220;top right&#8220; background_color_gradient_start_position=&#8220;10%&#8220; background_color_gradient_overlays_image=&#8220;on&#8220; background_image=&#8220;https:\/\/openstudycentre.com\/wp-content\/uploads\/2018\/09\/carpenter-image-41.jpg&#8220; custom_padding=&#8220;100px||100px||true|false&#8220;][et_pb_row _builder_version=&#8220;3.10.1&#8243;][et_pb_column type=&#8220;2_3&#8243; _builder_version=&#8220;3.0.47&#8243; parallax=&#8220;off&#8220; parallax_method=&#8220;on&#8220;][et_pb_contact_form captcha=&#8220;off&#8220; form_background_color=&#8220;rgba(0,0,0,0)&#8220; module_id=&#8220;et_pb_contact_form_1&#8243; _builder_version=&#8220;3.15&#8243; form_field_font=&#8220;Open Sans||||||||&#8220; form_field_text_color=&#8220;#ffffff&#8220; form_field_font_size=&#8220;16px&#8220; form_field_line_height=&#8220;2em&#8220; border_width_all=&#8220;2px&#8220; border_color_all=&#8220;rgba(255,255,255,0.4)&#8220; custom_button=&#8220;on&#8220; button_text_size=&#8220;16px&#8220; button_text_color=&#8220;#ffffff&#8220; button_border_width=&#8220;0px&#8220; button_border_radius=&#8220;0px&#8220; button_letter_spacing=&#8220;1px&#8220; button_font=&#8220;Roboto|700||on|||||&#8220; button_use_icon=&#8220;off&#8220; button_border_radius_hover=&#8220;0px&#8220; button_letter_spacing_hover=&#8220;1px&#8220; custom_css_main_element=&#8220;float: left;&#8220;][et_pb_contact_field field_id=&#8220;Name&#8220; field_title=&#8220;Name&#8220; _builder_version=&#8220;3.0.87&#8243; border_radii=&#8220;on||||&#8220;][\/et_pb_contact_field][et_pb_contact_field field_id=&#8220;Email&#8220; field_title=&#8220;E-Mail-Addresse&#8220; field_type=&#8220;email&#8220; _builder_version=&#8220;3.0.87&#8243; border_radii=&#8220;on||||&#8220;][\/et_pb_contact_field][et_pb_contact_field field_id=&#8220;Message&#8220; field_title=&#8220;Botschaft&#8220; field_type=&#8220;text&#8220; fullwidth_field=&#8220;on&#8220; _builder_version=&#8220;3.0.87&#8243; border_radii=&#8220;on||||&#8220;][\/et_pb_contact_field][\/et_pb_contact_form][\/et_pb_column][et_pb_column type=&#8220;1_3&#8243; _builder_version=&#8220;3.0.47&#8243; parallax=&#8220;off&#8220; parallax_method=&#8220;on&#8220;][et_pb_blurb title=&#8220;B\u00fcrostandort&#8220; use_icon=&#8220;on&#8220; font_icon=&#8220;%%249%%&#8220; icon_color=&#8220;#ffffff&#8220; icon_placement=&#8220;left&#8220; content_max_width=&#8220;1100px&#8220; _builder_version=&#8220;3.15&#8243; header_font=&#8220;|800||on|||||&#8220; header_font_size=&#8220;16px&#8220; header_letter_spacing=&#8220;0.5px&#8220; header_line_height=&#8220;1.7em&#8220; body_font=&#8220;Open Sans||||||||&#8220; body_line_height=&#8220;2em&#8220; background_layout=&#8220;dark&#8220; locked=&#8220;off&#8220;]Haritomedia GmBH, Steinb\u00fchlweg 90, Allschwil, BL Schweiz[\/et_pb_blurb][et_pb_blurb title=&#8220;Email&#8220; use_icon=&#8220;on&#8220; font_icon=&#8220;%%238%%&#8220; icon_color=&#8220;#ffffff&#8220; icon_placement=&#8220;left&#8220; content_max_width=&#8220;1100px&#8220; _builder_version=&#8220;3.15&#8243; header_font=&#8220;|800||on|||||&#8220; header_font_size=&#8220;16px&#8220; header_letter_spacing=&#8220;0.5px&#8220; header_line_height=&#8220;1.7em&#8220; body_font=&#8220;Open Sans||||||||&#8220; body_line_height=&#8220;2em&#8220; background_layout=&#8220;dark&#8220; locked=&#8220;off&#8220;]ireland@haritomedia.com[\/et_pb_blurb][et_pb_blurb title=&#8220;\u00d6ffnungszeiten&#8220; use_icon=&#8220;on&#8220; font_icon=&#8220;%%236%%&#8220; icon_color=&#8220;#ffffff&#8220; icon_placement=&#8220;left&#8220; content_max_width=&#8220;1100px&#8220; _builder_version=&#8220;3.15&#8243; header_font=&#8220;|800||on|||||&#8220; header_font_size=&#8220;16px&#8220; header_letter_spacing=&#8220;0.5px&#8220; header_line_height=&#8220;1.7em&#8220; body_font=&#8220;Open Sans||||||||&#8220; body_line_height=&#8220;2em&#8220; background_layout=&#8220;dark&#8220; locked=&#8220;off&#8220;]M-F: 9am &#8211; 5pm [GMT +1][\/et_pb_blurb][\/et_pb_column][\/et_pb_row][\/et_pb_section]<\/p>\n","protected":false},"excerpt":{"rendered":"<p>Wir begegneten uns zuf\u00e4llig. Wir erkundeten die Gedanken der anderen. Wir haben Gemeinsamkeiten und Unterschiede zwischen uns gefunden. Wir erkennen, dass wir eine Gemeinschaft der Menschheit sind. Und wir entscheiden uns, zusammenzuarbeiten. &nbsp; Monika hat Teams von bis zu f\u00fcnfundzwanzig Leuten geleitet und hatte Rollen, die CEO und &#8218;Umdrehungs-Management&#8216;-Exekutive entsprechen. Sie nahm eine im Wesentlichen [&hellip;]<\/p>\n","protected":false},"author":1,"featured_media":0,"parent":0,"menu_order":0,"comment_status":"closed","ping_status":"closed","template":"","meta":{"_et_pb_use_builder":"on","_et_pb_old_content":"","_et_gb_content_width":"","footnotes":""},"class_list":["post-967","page","type-page","status-publish","hentry"],"_links":{"self":[{"href":"https:\/\/openstudycentre.com\/de\/wp-json\/wp\/v2\/pages\/967","targetHints":{"allow":["GET"]}}],"collection":[{"href":"https:\/\/openstudycentre.com\/de\/wp-json\/wp\/v2\/pages"}],"about":[{"href":"https:\/\/openstudycentre.com\/de\/wp-json\/wp\/v2\/types\/page"}],"author":[{"embeddable":true,"href":"https:\/\/openstudycentre.com\/de\/wp-json\/wp\/v2\/users\/1"}],"replies":[{"embeddable":true,"href":"https:\/\/openstudycentre.com\/de\/wp-json\/wp\/v2\/comments?post=967"}],"version-history":[{"count":12,"href":"https:\/\/openstudycentre.com\/de\/wp-json\/wp\/v2\/pages\/967\/revisions"}],"predecessor-version":[{"id":1128,"href":"https:\/\/openstudycentre.com\/de\/wp-json\/wp\/v2\/pages\/967\/revisions\/1128"}],"wp:attachment":[{"href":"https:\/\/openstudycentre.com\/de\/wp-json\/wp\/v2\/media?parent=967"}],"curies":[{"name":"wp","href":"https:\/\/api.w.org\/{rel}","templated":true}]}}